{"id":24,"date":"2016-02-12T08:13:06","date_gmt":"2016-02-12T08:13:06","guid":{"rendered":"http:\/\/demos.famethemes.com\/onepress\/?page_id=24"},"modified":"2021-04-30T16:47:37","modified_gmt":"2021-04-30T16:47:37","slug":"service-title-2","status":"publish","type":"page","link":"https:\/\/spcnae.com\/index.php\/service-title-2\/","title":{"rendered":"Medici\u00f3n de Calidad Redes M\u00f3viles SUTEL"},"content":{"rendered":"<p>Morbi in sem quis dui placerat ornare. Pellentesque odio nisi euismod in pharetra a ultricies.<\/p>\n","protected":false},"excerpt":{"rendered":"<p>An\u00e1lisis de la calidad de los servicios de telecomunicaciones en las redes inal\u00e1mbricas de todo el pa\u00eds de manera anual en cumplimiento con lo establecido en la Ley General de Telecomunicaciones en Costa Rica.<\/p>\n","protected":false},"author":1,"featured_media":0,"parent":0,"menu_order":0,"comment_status":"closed","ping_status":"closed","template":"","meta":{"om_disable_all_campaigns":false,"_mi_skip_tracking":false,"footnotes":""},"class_list":["post-24","page","type-page","status-publish","hentry"],"aioseo_notices":[],"_links":{"self":[{"href":"https:\/\/spcnae.com\/index.php\/wp-json\/wp\/v2\/pages\/24","targetHints":{"allow":["GET"]}}],"collection":[{"href":"https:\/\/spcnae.com\/index.php\/wp-json\/wp\/v2\/pages"}],"about":[{"href":"https:\/\/spcnae.com\/index.php\/wp-json\/wp\/v2\/types\/page"}],"author":[{"embeddable":true,"href":"https:\/\/spcnae.com\/index.php\/wp-json\/wp\/v2\/users\/1"}],"replies":[{"embeddable":true,"href":"https:\/\/spcnae.com\/index.php\/wp-json\/wp\/v2\/comments?post=24"}],"version-history":[{"count":2,"href":"https:\/\/spcnae.com\/index.php\/wp-json\/wp\/v2\/pages\/24\/revisions"}],"predecessor-version":[{"id":1474,"href":"https:\/\/spcnae.com\/index.php\/wp-json\/wp\/v2\/pages\/24\/revisions\/1474"}],"wp:attachment":[{"href":"https:\/\/spcnae.com\/index.php\/wp-json\/wp\/v2\/media?parent=24"}],"curies":[{"name":"wp","href":"https:\/\/api.w.org\/{rel}","templated":true}]}}